{"id":275,"date":"2023-05-20T11:01:19","date_gmt":"2023-05-20T09:01:19","guid":{"rendered":"https:\/\/psychologue-helin.com\/?page_id=275"},"modified":"2023-05-20T12:04:26","modified_gmt":"2023-05-20T10:04:26","slug":"rendez-vous","status":"publish","type":"page","link":"https:\/\/psychologue-helin.com\/?page_id=275","title":{"rendered":"Rendez-vous"},"content":{"rendered":"\n\n<h4 style=\"text-align: left;\">Consultations &amp; tarifs<\/h4>\n\n\n<div class=\"wp-block-columns is-layout-flex wp-container-core-columns-is-layout-9d6595d7 wp-block-columns-is-layout-flex\">\n<div class=\"wp-block-column is-layout-flow wp-block-column-is-layout-flow\" style=\"flex-basis:33.33%\">\n<figure id=\"attachment_232\" aria-describedby=\"caption-attachment-232\" style=\"width: 400px\" class=\"wp-caption alignleft\"><a href=\"https:\/\/psychologue-helin.com\/wp-content\/uploads\/2023\/05\/salle-attente.jpg\" target=\"_blank\" rel=\"noopener\"><img loading=\"lazy\" decoding=\"async\" class=\"wp-image-232\" title=\"Salle d'attente\" src=\"https:\/\/psychologue-helin.com\/wp-content\/uploads\/2023\/05\/salle-attente-300x225.jpg\" alt=\"Salle d'attente\" width=\"400\" height=\"300\" srcset=\"https:\/\/psychologue-helin.com\/wp-content\/uploads\/2023\/05\/salle-attente-300x225.jpg 300w, https:\/\/psychologue-helin.com\/wp-content\/uploads\/2023\/05\/salle-attente.jpg 640w\" sizes=\"auto, (max-width: 400px) 100vw, 400px\" \/><\/a><figcaption id=\"caption-attachment-232\" class=\"wp-caption-text\">Salle d&rsquo;attente<\/figcaption><\/figure>\n<\/div>\n\n\n\n<div class=\"wp-block-column is-layout-flow wp-block-column-is-layout-flow\" style=\"flex-basis:66.66%\">\n<h6 style=\"text-align: justify;\"><span style=\"color: #877398;\"><strong>Consultation individuelle\u00a0: 60\u20ac<\/strong><\/span><\/h6>\n<p style=\"text-align: justify;\">Une s\u00e9ance dure <strong><span style=\"color: #877398;\">50 minutes<\/span><\/strong>. La fr\u00e9quence des rendez-vous est d\u00e9finie selon vos pr\u00e9f\u00e9rences et peut \u00e9voluer selon votre demande et votre cheminement personnel.<\/p>\n<p style=\"text-align: justify;\">Il peut s&rsquo;agir de quelques entretiens de soutien psychologique permettant de travailler sur une situation pr\u00e9cise et ponctuelle, ou d&rsquo;une psychoth\u00e9rapie pour un travail plus approfondi.<\/p>\n<p style=\"text-align: justify;\">La <span style=\"color: #877398;\">r\u00e9gularit\u00e9 des s\u00e9ances<\/span> est n\u00e9cessaire au bon d\u00e9roulement de la th\u00e9rapie.<\/p>\n<\/div>\n<\/div>\n\n\n\n<h4 class=\"wp-block-heading\">Consultations au cabinet<\/h4>\n\n\n\n<p style=\"text-align: justify;\">Je vous re\u00e7ois sur rendez-vous \u00e0 mon cabinet situ\u00e9 \u00e0 Valbonne Sophia Antipolis dans un <span style=\"color: #877398;\">environnement accueillant<\/span> et <span style=\"color: #877398;\">discret<\/span>, o\u00f9 la <span style=\"color: #877398;\">confidentialit\u00e9<\/span> est assur\u00e9e.<\/p>\n<p style=\"text-align: justify;\">Le cabinet est <span style=\"color: #877398;\">facile d\u2019acc\u00e8s<\/span> et dispose d\u2019un <span style=\"color: #877398;\">parking gratuit<\/span>.<\/p>\n\n\n\n<div class=\"wp-block-columns is-layout-flex wp-container-core-columns-is-layout-9d6595d7 wp-block-columns-is-layout-flex\">\n<div class=\"wp-block-column is-layout-flow wp-block-column-is-layout-flow\">\n<figure id=\"attachment_233\" aria-describedby=\"caption-attachment-233\" style=\"width: 400px\" class=\"wp-caption alignleft\"><a href=\"https:\/\/psychologue-helin.com\/wp-content\/uploads\/2023\/05\/bureau.plante.jpeg\" target=\"_blank\" rel=\"noopener\"><img loading=\"lazy\" decoding=\"async\" class=\"wp-image-233\" title=\"Cabinet\" src=\"https:\/\/psychologue-helin.com\/wp-content\/uploads\/2023\/05\/bureau.plante-300x225.jpeg\" alt=\"Cabinet\" width=\"400\" height=\"300\" srcset=\"https:\/\/psychologue-helin.com\/wp-content\/uploads\/2023\/05\/bureau.plante-300x225.jpeg 300w, https:\/\/psychologue-helin.com\/wp-content\/uploads\/2023\/05\/bureau.plante-1024x768.jpeg 1024w, https:\/\/psychologue-helin.com\/wp-content\/uploads\/2023\/05\/bureau.plante-768x576.jpeg 768w, https:\/\/psychologue-helin.com\/wp-content\/uploads\/2023\/05\/bureau.plante.jpeg 1280w\" sizes=\"auto, (max-width: 400px) 100vw, 400px\" \/><\/a><figcaption id=\"caption-attachment-233\" class=\"wp-caption-text\">Cabinet<\/figcaption><\/figure>\n<\/div>\n\n\n\n<div class=\"wp-block-column is-layout-flow wp-block-column-is-layout-flow\">\n<figure id=\"attachment_234\" aria-describedby=\"caption-attachment-234\" style=\"width: 400px\" class=\"wp-caption alignright\"><a href=\"https:\/\/psychologue-helin.com\/wp-content\/uploads\/2023\/05\/bureau.canape.jpeg\" target=\"_blank\" rel=\"noopener\"><img loading=\"lazy\" decoding=\"async\" class=\"wp-image-234\" title=\"Cabinet\" src=\"https:\/\/psychologue-helin.com\/wp-content\/uploads\/2023\/05\/bureau.canape-300x225.jpeg\" alt=\"Cabinet\" width=\"400\" height=\"300\" srcset=\"https:\/\/psychologue-helin.com\/wp-content\/uploads\/2023\/05\/bureau.canape-300x225.jpeg 300w, https:\/\/psychologue-helin.com\/wp-content\/uploads\/2023\/05\/bureau.canape-1024x768.jpeg 1024w, https:\/\/psychologue-helin.com\/wp-content\/uploads\/2023\/05\/bureau.canape-768x576.jpeg 768w, https:\/\/psychologue-helin.com\/wp-content\/uploads\/2023\/05\/bureau.canape.jpeg 1280w\" sizes=\"auto, (max-width: 400px) 100vw, 400px\" \/><\/a><figcaption id=\"caption-attachment-234\" class=\"wp-caption-text\">Cabinet<\/figcaption><\/figure>\n<\/div>\n<\/div>\n\n\n\n<div class=\"wp-block-columns is-layout-flex wp-container-core-columns-is-layout-9d6595d7 wp-block-columns-is-layout-flex\">\n<div class=\"wp-block-column is-layout-flow wp-block-column-is-layout-flow\">\n<h4>Domicile&nbsp;<\/h4>\n<p style=\"text-align: justify;\">Pour les personnes \u00e0 mobilit\u00e9 r\u00e9duite, un d\u00e9placement \u00e0 domicile est possible sur le secteur de Sophia Antipolis et la communaut\u00e9 d\u2019agglom\u00e9ration de Cannes Pays de L\u00e9rins.<\/p>\n<\/div>\n\n\n\n<div class=\"wp-block-column is-layout-flow wp-block-column-is-layout-flow\">\n<h4>T\u00e9l\u00e9consultations<\/h4>\n<p style=\"text-align: justify;\">Tout en restant chez vous, la consultation \u00e0 distance vous permet de b\u00e9n\u00e9ficier de mon \u00e9coute et d\u2019un accompagnement psychologique adapt\u00e9 \u00e0 votre demande.<\/p>\n<\/div>\n<\/div>\n\n\n\n<h4>Modalit\u00e9s de paiement&nbsp;<\/h4>\n<p style=\"text-align: justify;\">Le r\u00e8glement des consultations s\u2019effectue apr\u00e8s chaque s\u00e9ance, par ch\u00e8que ou esp\u00e8ces. Pour les t\u00e9l\u00e9consultations, il s\u2019\u00e9tablit par virement bancaire au moins 24H avant le rendez-vous.<\/p>\n\n\n\n<div class=\"wp-block-columns is-layout-flex wp-container-core-columns-is-layout-9d6595d7 wp-block-columns-is-layout-flex\">\n<div class=\"wp-block-column is-layout-flow wp-block-column-is-layout-flow\">\n<h6>Remboursement des consultations<\/h6>\n<p style=\"text-align: justify;\">Les s\u00e9ances ne sont pas prises en charge par la s\u00e9curit\u00e9 sociale, elles peuvent cependant faire l&rsquo;objet d&rsquo;un remboursement mutuelle. Pour en savoir plus, rapprochez-vous de votre compl\u00e9mentaire sant\u00e9.<\/p>\n<\/div>\n\n\n\n<div class=\"wp-block-column is-layout-flow wp-block-column-is-layout-flow\">\n<h6>Reports &amp; annulations<\/h6>\n<p style=\"text-align: justify;\">Si vous souhaitez annuler ou d\u00e9placer votre rendez-vous, je vous invite \u00e0 me pr\u00e9venir 48h maximum \u00e0 l\u2019avance, autrement le r\u00e8glement de la s\u00e9ance sera d\u00fb.<\/p>\n<\/div>\n<\/div>\n","protected":false},"excerpt":{"rendered":"<p>Consultations &amp; tarifs Consultation individuelle\u00a0: 60\u20ac Une s\u00e9ance dure 50 minutes. La fr\u00e9quence des rendez-vous est d\u00e9finie selon vos pr\u00e9f\u00e9rences et peut \u00e9voluer selon votre demande et votre cheminement personnel. &hellip; <\/p>\n","protected":false},"author":1,"featured_media":0,"parent":0,"menu_order":0,"comment_status":"closed","ping_status":"closed","template":"","meta":{"footnotes":""},"class_list":["post-275","page","type-page","status-publish","hentry","has-meta has-sticky-meta"],"_links":{"self":[{"href":"https:\/\/psychologue-helin.com\/index.php?rest_route=\/wp\/v2\/pages\/275","targetHints":{"allow":["GET"]}}],"collection":[{"href":"https:\/\/psychologue-helin.com\/index.php?rest_route=\/wp\/v2\/pages"}],"about":[{"href":"https:\/\/psychologue-helin.com\/index.php?rest_route=\/wp\/v2\/types\/page"}],"author":[{"embeddable":true,"href":"https:\/\/psychologue-helin.com\/index.php?rest_route=\/wp\/v2\/users\/1"}],"replies":[{"embeddable":true,"href":"https:\/\/psychologue-helin.com\/index.php?rest_route=%2Fwp%2Fv2%2Fcomments&post=275"}],"version-history":[{"count":33,"href":"https:\/\/psychologue-helin.com\/index.php?rest_route=\/wp\/v2\/pages\/275\/revisions"}],"predecessor-version":[{"id":333,"href":"https:\/\/psychologue-helin.com\/index.php?rest_route=\/wp\/v2\/pages\/275\/revisions\/333"}],"wp:attachment":[{"href":"https:\/\/psychologue-helin.com\/index.php?rest_route=%2Fwp%2Fv2%2Fmedia&parent=275"}],"curies":[{"name":"wp","href":"https:\/\/api.w.org\/{rel}","templated":true}]}}